{"id":737,"date":"2020-06-23T12:34:23","date_gmt":"2020-06-23T12:34:23","guid":{"rendered":"http:\/\/has.com.mk\/home\/"},"modified":"2025-11-24T17:55:17","modified_gmt":"2025-11-24T17:55:17","slug":"home","status":"publish","type":"page","link":"https:\/\/has.com.mk\/sq\/","title":{"rendered":"Ballina"},"content":{"rendered":"<section class=\"wpb-content-wrapper\"><p>[vc_row motts_theme_padding=&#8221;no&#8221; css=&#8221;.vc_custom_1592942836378{margin-right: 0px !important;margin-left: 0px !important;}&#8221;][vc_column css=&#8221;.vc_custom_1592942827926{padding-right: 0px !important;padding-left: 0px !important;}&#8221;][ts_hero_slider hero_slider=&#8221;13&#8243;][\/vc_column][\/vc_row][vc_row equal_height=&#8221;yes&#8221; content_placement=&#8221;top&#8221; use_container=&#8221;yes&#8221; el_class=&#8221;home_phases&#8221;][vc_column offset=&#8221;vc_col-md-4&#8243;][ts_icon_box icon=&#8221;773&#8243; title=&#8221;Planifikimi i p\u00ebrpikt\u00eb&#8221; description=&#8221;Baza t\u00eb forta p\u00ebrmes planifikimit t\u00eb p\u00ebrpikt\u00eb. Vler\u00ebsimet e thelluara, bashk\u00ebpunimi me klient\u00ebt dhe planet gjith\u00ebp\u00ebrfshir\u00ebse t\u00eb nd\u00ebrtimit sigurojn\u00eb q\u00eb \u00e7do detaj t\u00eb merret parasysh.&#8221;][\/vc_column][vc_column offset=&#8221;vc_col-md-4&#8243;][ts_icon_box icon=&#8221;775&#8243; title=&#8221;Ekzekutimi i sakt\u00eb&#8221; description=&#8221;Sakt\u00ebsia n\u00eb veprim. Profesionist\u00ebt e aft\u00eb, mjetet e avancuara dhe menaxhimi efektiv i projektit, realizojn\u00eb planet me v\u00ebmendje t\u00eb p\u00ebrpikt\u00eb ndaj detajeve.&#8221;][\/vc_column][vc_column offset=&#8221;vc_col-md-4&#8243;][ts_icon_box icon=&#8221;777&#8243; title=&#8221;Kontroll i cil\u00ebsis\u00eb&#8221; description=&#8221;P\u00ebrkushtimi i pal\u00ebkundur ndaj p\u00ebrsosm\u00ebris\u00eb. Inspektimet rigoroze, masat e rrepta t\u00eb kontrollit t\u00eb cil\u00ebsis\u00eb dhe respektimi i standardeve t\u00eb industris\u00eb, sigurojn\u00eb rezultate t\u00eb jasht\u00ebzakonshme.&#8221;][\/vc_column][\/vc_row][vc_row motts_theme_padding=&#8221;no&#8221; css=&#8221;.vc_custom_1592992313760{margin-right: 0px !important;margin-left: 0px !important;}&#8221;][vc_column][vc_row_inner][vc_column_inner][ts_section_title tagline=&#8221;HAS Construction&#8221; title=&#8221;Ngritja e standardeve t\u00eb nd\u00ebrtimit&#8221;][\/vc_column_inner][\/vc_row_inner][vc_row_inner content_placement=&#8221;middle&#8221;][vc_column_inner width=&#8221;1\/2&#8243; css=&#8221;.vc_custom_1592919692743{padding-right: 0px !important;padding-left: 0px !important;}&#8221;][ts_side_image image=&#8221;491&#8243; alt=&#8221;Image&#8221;][\/vc_column_inner][vc_column_inner width=&#8221;1\/2&#8243; css=&#8221;.vc_custom_1592992263819{padding-right: 0px !important;padding-left: 0px !important;}&#8221;][ts_side_content title=&#8221;Rreth Nesh&#8221; icon=&#8221;47&#8243; description=&#8221;N\u00eb HAS Construction, ne i jemi p\u00ebrkushtuar zhvillimit t\u00eb nd\u00ebrtimit q\u00eb nga viti 2007, duke u vendosur si nj\u00eb em\u00ebr i besuar n\u00eb industri. <u>Ekspertiza dhe p\u00ebrkushtimi<\/u> yn\u00eb p\u00ebr p\u00ebrsosm\u00ebri na kan\u00eb lejuar t\u00eb p\u00ebrfundojm\u00eb me sukses nj\u00eb gam\u00eb t\u00eb gjer\u00eb t\u00eb projekteve t\u00eb nd\u00ebrtesave n\u00eb Shkup dhe Tetov\u00eb.<\/p>\n<p>Ekipi yn\u00eb i profesionist\u00ebve t\u00eb aft\u00eb \u00ebsht\u00eb i p\u00ebrkushtuar p\u00ebr t\u00eb ofruar rezultate t\u00eb jasht\u00ebzakonshme, p\u00ebr t\u00eb p\u00ebrmbushur <b>afatet e projektit<\/b> dhe p\u00ebr t\u00eb tejkaluar pritshm\u00ebrit\u00eb e klientit.&#8221;][\/vc_column_inner][\/vc_row_inner][\/vc_column][\/vc_row][vc_row use_container=&#8221;yes&#8221;][vc_column width=&#8221;1\/2&#8243; offset=&#8221;vc_col-md-3&#8243;][ts_counter_box tagline=&#8221;2234&#8243; title=&#8221;Shkalla e suksesit&#8221; value=&#8221;100&#8243; symbol=&#8221;%&#8221; description=&#8221;Kryerja e projekteve ka qen\u00eb 100% n\u00eb afat kohe&#8221;][\/vc_column][vc_column width=&#8221;1\/2&#8243; offset=&#8221;vc_col-md-3&#8243;][ts_counter_box tagline=&#8221;2234&#8243; title=&#8221;T\u00eb pranish\u00ebm n\u00eb treg&#8221; value=&#8221;2007&#8243; symbol=&#8221;#&#8221; description=&#8221;Realizim i nd\u00ebrtimeve q\u00eb nga viti 2007 &#8211; Besoni p\u00ebrvoj\u00ebs q\u00eb i reziston testit t\u00eb koh\u00ebs&#8221;][\/vc_column][vc_column width=&#8221;1\/2&#8243; offset=&#8221;vc_col-md-3&#8243;][ts_counter_box tagline=&#8221;2234&#8243; title=&#8221;Gjurm\u00eb e gjer\u00eb nd\u00ebrtimi&#8221; value=&#8221;56000&#8243; symbol=&#8221;m\u00b2&#8221; description=&#8221;Nd\u00ebrtimi i s\u00eb ardhmes me mbi 56,000 metra katror\u00eb hap\u00ebsir\u00eb t\u00eb nd\u00ebrtuar&#8221;][\/vc_column][vc_column width=&#8221;1\/2&#8243; offset=&#8221;vc_col-md-3&#8243;][ts_counter_box tagline=&#8221;2234&#8243; title=&#8221;Banesa t\u00eb nd\u00ebrtuara&#8221; value=&#8221;700&#8243; symbol=&#8221;+&#8221; description=&#8221;Krijimi i 700 banesave me cil\u00ebsi t\u00eb lart\u00eb, t\u00eb p\u00ebrshtatura p\u00ebr t\u00eb p\u00ebrmir\u00ebsuar p\u00ebrvojat moderne t\u00eb jetes\u00ebs&#8221;][\/vc_column][\/vc_row][vc_row section_background_color=&#8221;#f7f6f1&#8243; use_predefined_class=&#8221;yes&#8221; predefined_class=&#8221;white-space-bottom&#8221; css=&#8221;.vc_custom_1593002326565{margin-right: 0px !important;margin-left: 0px !important;}&#8221;][vc_column][vc_row_inner wrap_container=&#8221;yes&#8221; css=&#8221;.vc_custom_1592996341482{margin-right: 0px !important;margin-left: 0px !important;padding-right: 0px !important;padding-left: 0px !important;}&#8221;][vc_column_inner offset=&#8221;vc_col-md-7&#8243; css=&#8221;.vc_custom_1593002365639{padding-right: 0px !important;padding-left: 0px !important;}&#8221;][ts_section_title align=&#8221;left&#8221; tagline=&#8221;PORTOFOLI JON\u00cb I PROJEKTEVE T\u00cb ND\u00cbRTIMIT&#8221; title=&#8221;Projektet&#8221;][\/vc_column_inner][vc_column_inner offset=&#8221;vc_col-md-5&#8243; css=&#8221;.vc_custom_1593002372445{padding-right: 0px !important;padding-left: 0px !important;}&#8221;][vc_column_text]Nga nd\u00ebrtesat shum\u00ebkat\u00ebshe deri te komplekset rezidenciale t\u00eb projektuara me kujdes, ne kemi p\u00ebrfunduar me sukses projekte q\u00eb rip\u00ebrcaktojn\u00eb peizazhet urbane dhe ngritin cil\u00ebsin\u00eb e hap\u00ebsirave t\u00eb jetes\u00ebs dhe t\u00eb pun\u00ebs.[\/vc_column_text][\/vc_column_inner][\/vc_row_inner][vc_row_inner][vc_column_inner css=&#8221;.vc_custom_1593002339240{padding-right: 0px !important;padding-left: 0px !important;}&#8221;][ts_project_slider details=&#8221;%5B%7B%22image%22%3A%221014%22%2C%22title%22%3A%22Mihail%20%C3%87akov%22%2C%22description%22%3A%22Ky%20projekt%20ndodhet%20n%C3%AB%20Shkup.%20Statusi%3A%20n%C3%AB%20proces.%22%2C%22link_url%22%3A%22https%3A%2F%2Fhas.com.mk%2Fsq%2Fproject%2Fmihail-cakov%2F%22%7D%2C%7B%22image%22%3A%22788%22%2C%22title%22%3A%22Blok%2064%22%2C%22description%22%3A%22Ky%20projekt%20ndodhet%20n%C3%AB%20Tetov%C3%AB.%20Statusi%3A%20n%C3%AB%20proces.%22%2C%22link_url%22%3A%22https%3A%2F%2Fhas.com.mk%2Fsq%2Fproject%2Fblok-64%2F%22%7D%2C%7B%22image%22%3A%22788%22%2C%22title%22%3A%22Blok%2081%22%2C%22description%22%3A%22Ky%20projekt%20ndodhet%20n%C3%AB%20Tetov%C3%AB.%20Statusi%3A%20i%20p%C3%ABrfunduar.%22%2C%22link_url%22%3A%22https%3A%2F%2Fhas.com.mk%2Fsq%2Fproject%2Fblok-81%2F%22%7D%2C%7B%22image%22%3A%22937%22%2C%22title%22%3A%22Liria%22%2C%22description%22%3A%22Ky%20projekt%20ndodhet%20n%C3%AB%20Tetov%C3%AB.%20Statusi%3A%20i%20p%C3%ABrfunduar.%22%2C%22link_url%22%3A%22https%3A%2F%2Fhas.com.mk%2Fsq%2Fproject%2Fliria%2F%22%7D%2C%7B%22image%22%3A%22431%22%2C%22title%22%3A%22Tregu%20i%20Gjelb%C3%ABrt%22%2C%22description%22%3A%22Ky%20projekt%20ndodhet%20n%C3%AB%20Tetov%C3%AB.%20Statusi%3A%20i%20p%C3%ABrfunduar.%22%2C%22link_url%22%3A%22https%3A%2F%2Fhas.com.mk%2Fsq%2Fproject%2Ftregu-i-gjelbert%2F%22%7D%2C%7B%22image%22%3A%22676%22%2C%22title%22%3A%22Blok%2034%22%2C%22description%22%3A%22Ky%20projekt%20ndodhet%20n%C3%AB%20Tetov%C3%AB.%20Statusi%3A%20i%20p%C3%ABrfunduar.%22%2C%22link_url%22%3A%22https%3A%2F%2Fhas.com.mk%2Fsq%2Fproject%2Fblok-34%2F%22%7D%2C%7B%22image%22%3A%22445%22%2C%22title%22%3A%22Partizanska%22%2C%22description%22%3A%22Ky%20projekt%20ndodhet%20n%C3%AB%20Shkup.%20Statusi%3A%20i%20p%C3%ABrfunduar.%22%2C%22link_url%22%3A%22https%3A%2F%2Fhas.com.mk%2Fsq%2Fproject%2Fpartizanska%2F%22%7D%2C%7B%22image%22%3A%22456%22%2C%22title%22%3A%22ACG%22%2C%22description%22%3A%22Ky%20projekt%20ndodhet%20n%C3%AB%20Shkup.%20Statusi%3A%20i%20p%C3%ABrfunduar.%22%2C%22link_url%22%3A%22https%3A%2F%2Fhas.com.mk%2Fsq%2Fproject%2Facg%2F%22%7D%2C%7B%22image%22%3A%22695%22%2C%22title%22%3A%22Qendra%20Sportive%22%2C%22description%22%3A%22Ky%20projekt%20ndodhet%20n%C3%AB%20Tetov%C3%AB.%20Statusi%3A%20i%20p%C3%ABrfunduar.%22%2C%22link_url%22%3A%22https%3A%2F%2Fhas.com.mk%2Fsq%2Fproject%2Fqendra-sportive%2F%22%7D%2C%7B%22image%22%3A%22702%22%2C%22title%22%3A%22Blok%2035%22%2C%22description%22%3A%22Ky%20projekt%20ndodhet%20n%C3%AB%20Tetov%C3%AB.%20Statusi%3A%20N%C3%AB%20proces.%22%2C%22link_url%22%3A%22https%3A%2F%2Fhas.com.mk%2Fsq%2Fproject%2Fblok-35%2F%22%7D%5D&#8221;][\/vc_column_inner][\/vc_row_inner][\/vc_column][\/vc_row][vc_row use_container=&#8221;yes&#8221; css=&#8221;.vc_custom_1593083239509{padding-right: 15px !important;padding-left: 15px !important;}&#8221;][vc_column][vc_row_inner css=&#8221;.vc_custom_1593083105658{padding-right: 0px !important;padding-left: 0px !important;}&#8221;][vc_column_inner css=&#8221;.vc_custom_1593083200046{padding-right: 0px !important;padding-left: 0px !important;}&#8221;][ts_section_title align=&#8221;left&#8221; tagline=&#8221;SEKTOR\u00cbT&#8221; title=&#8221;Zgjidhje nd\u00ebrtimi p\u00ebr \u00e7do sektor&#8221;][\/vc_column_inner][\/vc_row_inner][vc_row_inner][vc_column_inner width=&#8221;1\/3&#8243; css=&#8221;.vc_custom_1592996185410{padding-right: 0px !important;padding-left: 0px !important;}&#8221;][ts_sector_box title=&#8221;Sektori rezidencial&#8221;][\/vc_column_inner][vc_column_inner width=&#8221;1\/3&#8243; css=&#8221;.vc_custom_1592996196129{padding-right: 0px !important;padding-left: 0px !important;}&#8221;][ts_sector_box title=&#8221;Sektori institucional&#8221;][\/vc_column_inner][vc_column_inner width=&#8221;1\/3&#8243; css=&#8221;.vc_custom_1592996205555{padding-right: 0px !important;padding-left: 0px !important;}&#8221;][ts_sector_box title=&#8221;Sektori Industrial&#8221;][\/vc_column_inner][\/vc_row_inner][\/vc_column][\/vc_row][vc_row section_background_color=&#8221;#f7f6f1&#8243; motts_theme_padding=&#8221;no&#8221; use_container=&#8221;yes&#8221; use_predefined_class=&#8221;yes&#8221; predefined_class=&#8221;white-space-top&#8221; css=&#8221;.vc_custom_1697459503847{padding-bottom: 100px !important;}&#8221;][vc_column][vc_row_inner][vc_column_inner][ts_video_box url=&#8221;http:\/\/has.com.mk\/wp-content\/uploads\/2023\/06\/has_bardh_e_zi_AdobeExpress.mp4&#8243;][\/vc_column_inner][\/vc_row_inner][vc_row_inner][vc_column_inner css=&#8221;.vc_custom_1593020152184{margin-top: -200px !important;}&#8221;][ts_testimonials_slider details=&#8221;%5B%7B%22testimonial%22%3A%22Puna%20me%20HAS%20Construction%20ishte%20nj%C3%AB%20k%C3%ABnaq%C3%ABsi%20absolute.%20V%C3%ABmendja%20e%20tyre%20ndaj%20detajeve%2C%20profesionalizmi%20dhe%20p%C3%ABrkushtimi%20ndaj%20cil%C3%ABsis%C3%AB%20ishin%20evidente%20gjat%C3%AB%20gjith%C3%AB%20projektit.%20Ne%20jemi%20t%C3%AB%20emocionuar%20me%20rezultatin%20dhe%20do%20t&#8217;i%20rekomandojm%C3%AB%20ato%20p%C3%ABr%20k%C3%ABdo%20q%C3%AB%20k%C3%ABrkon%20nj%C3%AB%20partner%20nd%C3%ABrtimi%20t%C3%AB%20besuesh%C3%ABm.%22%2C%22name%22%3A%22Klient%22%7D%2C%7B%22testimonial%22%3A%22Ekipi%20n%C3%AB%20HAS%20Construction%20i%20tejkaloi%20pritshm%C3%ABrit%C3%AB%20tona%20n%C3%AB%20%C3%A7do%20m%C3%ABnyr%C3%AB.%20Nga%20planifikimi%20i%20projektit%20deri%20te%20ekzekutimi%2C%20p%C3%ABrkushtimi%20i%20tyre%20ishte%20i%20jasht%C3%ABzakonsh%C3%ABm.%20Ata%20shp%C3%ABrndan%C3%AB%20hap%C3%ABsir%C3%ABn%20ton%C3%AB%20n%C3%AB%20koh%C3%AB%20dhe%20brenda%20buxhetit%2C%20dhe%20niveli%20i%20mjesht%C3%ABris%C3%AB%20tregoi%20p%C3%ABrkushtimin%20e%20tyre%20p%C3%ABr%20p%C3%ABrsosm%C3%ABri.%22%2C%22name%22%3A%22Klient%22%7D%2C%7B%22testimonial%22%3A%22HAS%20Construction%20luajti%20nj%C3%AB%20rol%20vendimtar%20n%C3%AB%20realizimin%20e%20vizionit%20ton%C3%AB.%20Aft%C3%ABsia%20e%20tyre%20p%C3%ABr%20t%C3%AB%20kuptuar%20nevojat%20tona%20dhe%20p%C3%ABr%20t&#8217;i%20p%C3%ABrkthyer%20ato%20n%C3%AB%20nj%C3%AB%20dizajn%20mahnit%C3%ABs%20arkitekturor%20ishte%20e%20jasht%C3%ABzakonshme.%20Ne%20jan%C3%AB%20jasht%C3%ABzakonisht%20mir%C3%ABnjoh%C3%ABs%20p%C3%ABr%20ekspertiz%C3%ABn%20e%20tyre%20dhe%20rekomandojn%C3%AB%20shum%C3%AB%20sh%C3%ABrbimet%20e%20tyre.%22%2C%22name%22%3A%22Klient%22%7D%2C%7B%22testimonial%22%3A%22Zgjedhja%20e%20HAS%20Construction%20ishte%20nj%C3%AB%20nga%20vendimet%20m%C3%AB%20t%C3%AB%20mira%20q%C3%AB%20mor%C3%ABm%20p%C3%ABr%20projektin%20ton%C3%AB%20institucional.%20Njohurit%C3%AB%20dhe%20p%C3%ABrvoja%20e%20tyre%20n%C3%AB%20k%C3%ABt%C3%AB%20sektor%20ishin%20t%C3%AB%20dukshme%20q%C3%AB%20n%C3%AB%20fillim%2C%20dhe%20ata%20dhan%C3%AB%20nj%C3%AB%20objekt%20t%C3%AB%20jasht%C3%ABzakonsh%C3%ABm%20q%C3%AB%20i%20tejkaloi%20pritshm%C3%ABrit%C3%AB%20tona.%20Nuk%20mund%20t%C3%AB%20ishim%20m%C3%AB%20t%C3%AB%20lumtur%20me%20rezultatin.%22%2C%22name%22%3A%22Klient%22%7D%5D&#8221;][\/vc_column_inner][\/vc_row_inner][\/vc_column][\/vc_row]<\/p>\n<\/section>","protected":false},"excerpt":{"rendered":"<p>[vc_row motts_theme_padding=&#8221;no&#8221; css=&#8221;.vc_custom_1592942836378{margin-right: 0px !important;margin-left: 0px !important;}&#8221;][vc_column css=&#8221;.vc_custom_1592942827926{padding-right: 0px !important;padding-left: 0px !important;}&#8221;][ts_hero_slider hero_slider=&#8221;13&#8243;][\/vc_column][\/vc_row][vc_row equal_height=&#8221;yes&#8221; content_placement=&#8221;top&#8221; use_container=&#8221;yes&#8221; el_class=&#8221;home_phases&#8221;][vc_column offset=&#8221;vc_col-md-4&#8243;][ts_icon_box icon=&#8221;773&#8243; title=&#8221;Planifikimi i p\u00ebrpikt\u00eb&#8221; description=&#8221;Baza t\u00eb forta p\u00ebrmes planifikimit t\u00eb p\u00ebrpikt\u00eb. Vler\u00ebsimet e thelluara, bashk\u00ebpunimi me klient\u00ebt dhe planet gjith\u00ebp\u00ebrfshir\u00ebse t\u00eb nd\u00ebrtimit sigurojn\u00eb q\u00eb \u00e7do detaj t\u00eb merret parasysh.&#8221;][\/vc_column][vc_column offset=&#8221;vc_col-md-4&#8243;][ts_icon_box icon=&#8221;775&#8243; title=&#8221;Ekzekutimi i sakt\u00eb&#8221; description=&#8221;Sakt\u00ebsia n\u00eb veprim. [&hellip;]<\/p>\n","protected":false},"author":1,"featured_media":0,"parent":0,"menu_order":0,"comment_status":"closed","ping_status":"closed","template":"page-builder.php","meta":{"footnotes":""},"class_list":["post-737","page","type-page","status-publish","hentry"],"acf":[],"_links":{"self":[{"href":"https:\/\/has.com.mk\/sq\/wp-json\/wp\/v2\/pages\/737","targetHints":{"allow":["GET"]}}],"collection":[{"href":"https:\/\/has.com.mk\/sq\/wp-json\/wp\/v2\/pages"}],"about":[{"href":"https:\/\/has.com.mk\/sq\/wp-json\/wp\/v2\/types\/page"}],"author":[{"embeddable":true,"href":"https:\/\/has.com.mk\/sq\/wp-json\/wp\/v2\/users\/1"}],"replies":[{"embeddable":true,"href":"https:\/\/has.com.mk\/sq\/wp-json\/wp\/v2\/comments?post=737"}],"version-history":[{"count":4,"href":"https:\/\/has.com.mk\/sq\/wp-json\/wp\/v2\/pages\/737\/revisions"}],"predecessor-version":[{"id":1041,"href":"https:\/\/has.com.mk\/sq\/wp-json\/wp\/v2\/pages\/737\/revisions\/1041"}],"wp:attachment":[{"href":"https:\/\/has.com.mk\/sq\/wp-json\/wp\/v2\/media?parent=737"}],"curies":[{"name":"wp","href":"https:\/\/api.w.org\/{rel}","templated":true}]}}