{"id":727,"date":"2020-06-24T20:42:01","date_gmt":"2020-06-24T20:42:01","guid":{"rendered":"http:\/\/has.com.mk\/%d0%ba%d0%be%d0%bd%d1%82%d0%b0%d0%ba%d1%82\/"},"modified":"2023-07-04T16:29:58","modified_gmt":"2023-07-04T16:29:58","slug":"contact","status":"publish","type":"page","link":"https:\/\/has.com.mk\/sq\/contact\/","title":{"rendered":"Kontakt"},"content":{"rendered":"<section class=\"wpb-content-wrapper\"><p>[vc_row use_container=&#8221;yes&#8221;][vc_column width=&#8221;1\/2&#8243; offset=&#8221;vc_col-md-4&#8243;][ts_contact_box icon=&#8221;141&#8243; title=&#8221;Adresa&#8221; href=&#8221;\/\/goo.gl\/maps\/jxEVD8Fx7o9qADgbA&#8220;&#8221; target=&#8221;&#8220;_blank&#8220;&#8221; description=&#8221;Hristo Tatarchev 79B 3\/5, Shkup&#8221; link=&#8221;url:https%3A%2F%2Fgoo.gl%2Fmaps%2FjxEVD8Fx7o9qADgbA|target:_blank&#8221;][\/vc_column][vc_column width=&#8221;1\/2&#8243; offset=&#8221;vc_col-md-4&#8243;][ts_contact_box icon=&#8221;145&#8243; title=&#8221;Telefoni&#8221; link=&#8221;url:tel%3A023215241&#8243; description=&#8221;02 321 5241&#8243;][\/vc_column][vc_column width=&#8221;1\/2&#8243; offset=&#8221;vc_col-md-4&#8243;][ts_contact_box icon=&#8221;146&#8243; title=&#8221;Na shkruani&#8221; description=&#8221;info@has.com.mk&#8221; link=&#8221;url:mailto%3Ainfo%40has.com.mk&#8221;][\/vc_column][\/vc_row][vc_row motts_theme_padding=&#8221;no&#8221; use_container=&#8221;yes&#8221;][vc_column][vc_row_inner][vc_column_inner offset=&#8221;vc_col-md-6&#8243;][ts_section_title align=&#8221;left&#8221; tagline=&#8221;NA SHKRUANI&#8221; title=&#8221;Duke p\u00ebrdorur form\u00ebn e kontaktit, na shkruani p\u00ebr \u00e7do lloj k\u00ebrkese q\u00eb keni.&#8221;][\/vc_column_inner][vc_column_inner offset=&#8221;vc_col-md-6&#8243;]\n<div class=\"wpcf7 no-js\" id=\"wpcf7-f379-o1\" lang=\"en-US\" dir=\"ltr\" data-wpcf7-id=\"379\">\n<div class=\"screen-reader-response\"><p role=\"status\" aria-live=\"polite\" aria-atomic=\"true\"><\/p> <ul><\/ul><\/div>\n<form action=\"\/sq\/wp-json\/wp\/v2\/pages\/727#wpcf7-f379-o1\" method=\"post\" class=\"wpcf7-form init\" aria-label=\"Contact form\" novalidate=\"novalidate\" data-status=\"init\">\n<fieldset class=\"hidden-fields-container\"><input type=\"hidden\" name=\"_wpcf7\" value=\"379\" \/><input type=\"hidden\" name=\"_wpcf7_version\" value=\"6.1.5\" \/><input type=\"hidden\" name=\"_wpcf7_locale\" value=\"en_US\" \/><input type=\"hidden\" name=\"_wpcf7_unit_tag\" value=\"wpcf7-f379-o1\" \/><input type=\"hidden\" name=\"_wpcf7_container_post\" value=\"0\" \/><input type=\"hidden\" name=\"_wpcf7_posted_data_hash\" value=\"\" \/><input type=\"hidden\" name=\"_wpcf7_recaptcha_response\" value=\"\" \/>\n<\/fieldset>\n<div class=\"contact-form\">\n\t<div class=\"form-group\">\n\t\t<p><span>Emri juaj<\/span><br \/>\n<span class=\"wpcf7-form-control-wrap\" data-name=\"inp_name\"><input size=\"40\" maxlength=\"400\" class=\"wpcf7-form-control wpcf7-text wpcf7-validates-as-required\" autocomplete=\"name\" aria-required=\"true\" aria-invalid=\"false\" value=\"\" type=\"text\" name=\"inp_name\" \/><\/span>\n\t\t<\/p>\n\t<\/div>\n\t<div class=\"form-group\">\n\t\t<p><span>Email-i juaj<\/span><br \/>\n<span class=\"wpcf7-form-control-wrap\" data-name=\"inp_email\"><input size=\"40\" maxlength=\"400\" class=\"wpcf7-form-control wpcf7-email wpcf7-validates-as-required wpcf7-text wpcf7-validates-as-email\" autocomplete=\"email\" aria-required=\"true\" aria-invalid=\"false\" value=\"\" type=\"email\" name=\"inp_email\" \/><\/span>\n\t\t<\/p>\n\t<\/div>\n\t<div class=\"form-group\">\n\t\t<p><span>Mesazhi<\/span><br \/>\n<span class=\"wpcf7-form-control-wrap\" data-name=\"txt_message\"><textarea cols=\"40\" rows=\"10\" maxlength=\"2000\" class=\"wpcf7-form-control wpcf7-textarea wpcf7-validates-as-required\" aria-required=\"true\" aria-invalid=\"false\" name=\"txt_message\"><\/textarea><\/span>\n\t\t<\/p>\n\t<\/div>\n\t<div class=\"form-group\">\n\t\t<p><input class=\"wpcf7-form-control wpcf7-submit has-spinner\" type=\"submit\" value=\"D\u00ebrgo mesazhin\" \/><br \/>\n<small>This site is protected by reCAPTCHA and the Google <a href=\"https:\/\/policies.google.com\/privacy\">Privacy Policy<\/a> and <a href=\"https:\/\/policies.google.com\/terms\">Terms of Service<\/a> apply.<\/small>\n\t\t<\/p>\n\t<\/div>\n<\/div><div class=\"wpcf7-response-output\" aria-hidden=\"true\"><\/div>\n<\/form>\n<\/div>\n[\/vc_column_inner][\/vc_row_inner][\/vc_column][\/vc_row][vc_row motts_theme_padding=&#8221;no&#8221; css=&#8221;.vc_custom_1593182392929{margin-right: 0px !important;margin-left: 0px !important;}&#8221;][vc_column css=&#8221;.vc_custom_1593182414164{padding-right: 0px !important;padding-left: 0px !important;}&#8221;][ts_google_maps iframe_url=&#8221;https:\/\/www.google.com\/maps\/embed?pb=!1m14!1m8!1m3!1d2966.743703394096!2d21.4477907!3d41.9628398!3m2!1i1024!2i768!4f13.1!3m3!1m2!1s0x135416733e671eaf%3A0x52b03cf064e5f2a4!2sHristo%20Tatarchev%2079b%2C%20Skopje%201000!5e0!3m2!1sen!2smk!4v1686246977196!5m2!1sen!2smk&#8221; map_height=&#8221;520&#8243;][\/vc_column][\/vc_row]<\/p>\n<\/section>","protected":false},"excerpt":{"rendered":"<p>[vc_row use_container=&#8221;yes&#8221;][vc_column width=&#8221;1\/2&#8243; offset=&#8221;vc_col-md-4&#8243;][ts_contact_box icon=&#8221;141&#8243; title=&#8221;Adresa&#8221; href=&#8221;\/\/goo.gl\/maps\/jxEVD8Fx7o9qADgbA&#8220;&#8221; target=&#8221;&#8220;_blank&#8220;&#8221; description=&#8221;Hristo Tatarchev 79B 3\/5, Shkup&#8221; link=&#8221;url:https%3A%2F%2Fgoo.gl%2Fmaps%2FjxEVD8Fx7o9qADgbA|target:_blank&#8221;][\/vc_column][vc_column width=&#8221;1\/2&#8243; offset=&#8221;vc_col-md-4&#8243;][ts_contact_box icon=&#8221;145&#8243; title=&#8221;Telefoni&#8221; link=&#8221;url:tel%3A023215241&#8243; description=&#8221;02 321 5241&#8243;][\/vc_column][vc_column width=&#8221;1\/2&#8243; offset=&#8221;vc_col-md-4&#8243;][ts_contact_box icon=&#8221;146&#8243; title=&#8221;Na shkruani&#8221; description=&#8221;info@has.com.mk&#8221; link=&#8221;url:mailto%3Ainfo%40has.com.mk&#8221;][\/vc_column][\/vc_row][vc_row motts_theme_padding=&#8221;no&#8221; use_container=&#8221;yes&#8221;][vc_column][vc_row_inner][vc_column_inner offset=&#8221;vc_col-md-6&#8243;][ts_section_title align=&#8221;left&#8221; tagline=&#8221;NA SHKRUANI&#8221; title=&#8221;Duke p\u00ebrdorur form\u00ebn e kontaktit, na shkruani p\u00ebr \u00e7do lloj k\u00ebrkese q\u00eb keni.&#8221;][\/vc_column_inner][vc_column_inner offset=&#8221;vc_col-md-6&#8243;][\/vc_column_inner][\/vc_row_inner][\/vc_column][\/vc_row][vc_row motts_theme_padding=&#8221;no&#8221; css=&#8221;.vc_custom_1593182392929{margin-right: 0px !important;margin-left: 0px !important;}&#8221;][vc_column [&hellip;]<\/p>\n","protected":false},"author":1,"featured_media":0,"parent":0,"menu_order":0,"comment_status":"closed","ping_status":"closed","template":"page-builder.php","meta":{"footnotes":""},"class_list":["post-727","page","type-page","status-publish","hentry"],"acf":[],"_links":{"self":[{"href":"https:\/\/has.com.mk\/sq\/wp-json\/wp\/v2\/pages\/727","targetHints":{"allow":["GET"]}}],"collection":[{"href":"https:\/\/has.com.mk\/sq\/wp-json\/wp\/v2\/pages"}],"about":[{"href":"https:\/\/has.com.mk\/sq\/wp-json\/wp\/v2\/types\/page"}],"author":[{"embeddable":true,"href":"https:\/\/has.com.mk\/sq\/wp-json\/wp\/v2\/users\/1"}],"replies":[{"embeddable":true,"href":"https:\/\/has.com.mk\/sq\/wp-json\/wp\/v2\/comments?post=727"}],"version-history":[{"count":2,"href":"https:\/\/has.com.mk\/sq\/wp-json\/wp\/v2\/pages\/727\/revisions"}],"predecessor-version":[{"id":729,"href":"https:\/\/has.com.mk\/sq\/wp-json\/wp\/v2\/pages\/727\/revisions\/729"}],"wp:attachment":[{"href":"https:\/\/has.com.mk\/sq\/wp-json\/wp\/v2\/media?parent=727"}],"curies":[{"name":"wp","href":"https:\/\/api.w.org\/{rel}","templated":true}]}}