{"id":716,"date":"2023-06-07T13:10:07","date_gmt":"2023-06-07T13:10:07","guid":{"rendered":"http:\/\/has.com.mk\/about\/"},"modified":"2023-10-16T12:37:46","modified_gmt":"2023-10-16T12:37:46","slug":"about","status":"publish","type":"page","link":"https:\/\/has.com.mk\/sq\/about\/","title":{"rendered":"Rreth Nesh"},"content":{"rendered":"<section class=\"wpb-content-wrapper\"><p>[vc_row motts_theme_padding=&#8221;no&#8221; use_container=&#8221;yes&#8221; css=&#8221;.vc_custom_1593092501087{margin-top: 80px !important;}&#8221;][vc_column][vc_row_inner][vc_column_inner][ts_section_title align=&#8221;left&#8221; tagline=&#8221;RETH HAS CONSTRUCTION&#8221; title=&#8221;Realizimi i nd\u00ebrtimeve<br \/>\nq\u00eb nga viti 2007&#8243;][\/vc_column_inner][\/vc_row_inner][vc_row_inner][vc_column_inner offset=&#8221;vc_col-md-7&#8243;][ts_image_box image=&#8221;912&#8243; title=&#8221;Image&#8221;][\/vc_column_inner][vc_column_inner offset=&#8221;vc_col-md-5&#8243;][ts_image_box image=&#8221;914&#8243; title=&#8221;Image&#8221;][\/vc_column_inner][\/vc_row_inner][vc_row_inner css=&#8221;.vc_custom_1593092340459{margin-top: 30px !important;}&#8221;][vc_column_inner offset=&#8221;vc_col-md-7&#8243;][vc_column_text]N\u00eb HAS Construction, ne i jemi p\u00ebrkushtuar zhvillimit t\u00eb nd\u00ebrtimit q\u00eb nga viti 2007, duke u vendosur si nj\u00eb em\u00ebr i besuar n\u00eb industri. Ekspertiza dhe p\u00ebrkushtimi yn\u00eb p\u00ebr p\u00ebrsosm\u00ebri na kan\u00eb lejuar t\u00eb p\u00ebrfundojm\u00eb me sukses nj\u00eb gam\u00eb t\u00eb gjer\u00eb t\u00eb projekteve t\u00eb nd\u00ebrtesave n\u00eb Shkup dhe Tetov\u00eb.<\/p>\n<p>Ekipi yn\u00eb i profesionist\u00ebve t\u00eb aft\u00eb \u00ebsht\u00eb i p\u00ebrkushtuar p\u00ebr t\u00eb ofruar rezultate t\u00eb jasht\u00ebzakonshme, p\u00ebr t\u00eb p\u00ebrmbushur afatet e projektit dhe p\u00ebr t\u00eb tejkaluar pritshm\u00ebrit\u00eb e klientit.[\/vc_column_text][\/vc_column_inner][vc_column_inner offset=&#8221;vc_col-md-5&#8243;][vc_column_text]Me nj\u00eb histori t\u00eb p\u00ebrfundimeve t\u00eb suksesshme t\u00eb projekteve dhe nj\u00eb norm\u00eb d\u00ebrgese 100% n\u00eb koh\u00eb, ne krenohemi me reputacionin ton\u00eb si nj\u00eb kompani nd\u00ebrtimi i besuesh\u00ebm. Ne i japim p\u00ebrpar\u00ebsi cil\u00ebsis\u00eb, siguris\u00eb dhe k\u00ebnaq\u00ebsis\u00eb s\u00eb klientit n\u00eb \u00e7do faz\u00eb t\u00eb procesit t\u00eb nd\u00ebrtimit.[\/vc_column_text][\/vc_column_inner][\/vc_row_inner][\/vc_column][\/vc_row][vc_row use_container=&#8221;yes&#8221; use_predefined_class=&#8221;yes&#8221;][vc_column width=&#8221;1\/2&#8243; offset=&#8221;vc_col-md-3&#8243;][ts_counter_box tagline=&#8221;2234&#8243; title=&#8221;Shkalla e suksesit&#8221; value=&#8221;100&#8243; symbol=&#8221;%&#8221; description=&#8221;Kryerja e projekteve ka qen\u00eb 100% n\u00eb afat kohe&#8221;][\/vc_column][vc_column width=&#8221;1\/2&#8243; offset=&#8221;vc_col-md-3&#8243;][ts_counter_box tagline=&#8221;2234&#8243; title=&#8221;T\u00eb pranish\u00ebm n\u00eb treg&#8221; value=&#8221;2007&#8243; symbol=&#8221;#&#8221; description=&#8221;Realizim i nd\u00ebrtimeve q\u00eb nga viti 2007 &#8211; Besoni p\u00ebrvoj\u00ebs q\u00eb i reziston testit t\u00eb koh\u00ebs&#8221;][\/vc_column][vc_column width=&#8221;1\/2&#8243; offset=&#8221;vc_col-md-3&#8243;][ts_counter_box tagline=&#8221;2234&#8243; title=&#8221;Gjurm\u00eb e gjer\u00eb nd\u00ebrtimi&#8221; value=&#8221;56000&#8243; symbol=&#8221;m\u00b2&#8221; description=&#8221;Nd\u00ebrtimi i s\u00eb ardhmes me mbi 56,000 metra katror\u00eb hap\u00ebsir\u00eb t\u00eb nd\u00ebrtuar&#8221;][\/vc_column][vc_column width=&#8221;1\/2&#8243; offset=&#8221;vc_col-md-3&#8243;][ts_counter_box tagline=&#8221;2234&#8243; title=&#8221;Banesa t\u00eb nd\u00ebrtuara&#8221; value=&#8221;700&#8243; symbol=&#8221;+&#8221; description=&#8221;Krijimi i 700 banesave me cil\u00ebsi t\u00eb lart\u00eb, t\u00eb p\u00ebrshtatura p\u00ebr t\u00eb p\u00ebrmir\u00ebsuar p\u00ebrvojat moderne t\u00eb jetes\u00ebs&#8221;][\/vc_column][\/vc_row][vc_row motts_theme_padding=&#8221;no&#8221; use_container=&#8221;yes&#8221; use_predefined_class=&#8221;yes&#8221; predefined_class=&#8221;white-space-top&#8221; section_background_image=&#8221;227&#8243;][vc_column][vc_row_inner][vc_column_inner offset=&#8221;vc_col-md-8&#8243;][ts_cta_yellow_box title=&#8221;Filloni t\u00eb nd\u00ebrtoni t\u00eb ardhmen tuaj sot&#8221; text_content=&#8221;A jeni gati t&#8217;i ktheni n\u00eb realitet q\u00ebllimet tuaja t\u00eb nd\u00ebrtimit? Na kontaktoni sot p\u00ebr t\u00eb diskutuar k\u00ebrkesat e projektit tuaj dhe p\u00ebr t\u00eb zbuluar se si mund ta realizojm\u00eb vizionin tuaj. Ekipi yn\u00eb me p\u00ebrvoj\u00eb \u00ebsht\u00eb i gatsh\u00ebm p\u00ebr t\u00eb bashk\u00ebpunuar me ju, duke ofruar udh\u00ebzime ekspert\u00ebsh, zgjidhje inovative dhe mjesht\u00ebri t\u00eb jasht\u00ebzakonshme. Na kontaktoni tani dhe le t\u00eb fillojm\u00eb t\u00eb nd\u00ebrtojm\u00eb t\u00eb ardhmen tuaj!&#8221; button_label=&#8221;NA KONTAKTONI&#8221; button_url=&#8221;\/contact&#8221;][\/vc_column_inner][\/vc_row_inner][\/vc_column][\/vc_row]<\/p>\n<\/section>","protected":false},"excerpt":{"rendered":"<p>[vc_row motts_theme_padding=&#8221;no&#8221; use_container=&#8221;yes&#8221; css=&#8221;.vc_custom_1593092501087{margin-top: 80px !important;}&#8221;][vc_column][vc_row_inner][vc_column_inner][ts_section_title align=&#8221;left&#8221; tagline=&#8221;RETH HAS CONSTRUCTION&#8221; title=&#8221;Realizimi i nd\u00ebrtimeve q\u00eb nga viti 2007&#8243;][\/vc_column_inner][\/vc_row_inner][vc_row_inner][vc_column_inner offset=&#8221;vc_col-md-7&#8243;][ts_image_box image=&#8221;912&#8243; title=&#8221;Image&#8221;][\/vc_column_inner][vc_column_inner offset=&#8221;vc_col-md-5&#8243;][ts_image_box image=&#8221;914&#8243; title=&#8221;Image&#8221;][\/vc_column_inner][\/vc_row_inner][vc_row_inner css=&#8221;.vc_custom_1593092340459{margin-top: 30px !important;}&#8221;][vc_column_inner offset=&#8221;vc_col-md-7&#8243;][vc_column_text]N\u00eb HAS Construction, ne i jemi p\u00ebrkushtuar zhvillimit t\u00eb nd\u00ebrtimit q\u00eb nga viti 2007, duke u vendosur si nj\u00eb em\u00ebr i besuar n\u00eb industri. Ekspertiza dhe p\u00ebrkushtimi yn\u00eb p\u00ebr [&hellip;]<\/p>\n","protected":false},"author":1,"featured_media":0,"parent":0,"menu_order":0,"comment_status":"closed","ping_status":"closed","template":"page-builder.php","meta":{"footnotes":""},"class_list":["post-716","page","type-page","status-publish","hentry"],"acf":[],"_links":{"self":[{"href":"https:\/\/has.com.mk\/sq\/wp-json\/wp\/v2\/pages\/716","targetHints":{"allow":["GET"]}}],"collection":[{"href":"https:\/\/has.com.mk\/sq\/wp-json\/wp\/v2\/pages"}],"about":[{"href":"https:\/\/has.com.mk\/sq\/wp-json\/wp\/v2\/types\/page"}],"author":[{"embeddable":true,"href":"https:\/\/has.com.mk\/sq\/wp-json\/wp\/v2\/users\/1"}],"replies":[{"embeddable":true,"href":"https:\/\/has.com.mk\/sq\/wp-json\/wp\/v2\/comments?post=716"}],"version-history":[{"count":3,"href":"https:\/\/has.com.mk\/sq\/wp-json\/wp\/v2\/pages\/716\/revisions"}],"predecessor-version":[{"id":923,"href":"https:\/\/has.com.mk\/sq\/wp-json\/wp\/v2\/pages\/716\/revisions\/923"}],"wp:attachment":[{"href":"https:\/\/has.com.mk\/sq\/wp-json\/wp\/v2\/media?parent=716"}],"curies":[{"name":"wp","href":"https:\/\/api.w.org\/{rel}","templated":true}]}}